{"id":32706,"date":"2025-12-30T16:39:50","date_gmt":"2025-12-30T15:39:50","guid":{"rendered":"https:\/\/briochou.ch\/?post_type=product&#038;p=32706"},"modified":"2026-01-18T18:06:13","modified_gmt":"2026-01-18T17:06:13","slug":"mignardise","status":"publish","type":"product","link":"https:\/\/briochou.ch\/de\/product\/mignardise\/","title":{"rendered":"Mignardise sucr\u00e9e ou sal\u00e9e"},"content":{"rendered":"<p>Commande \u00e0 partir de 150 Chf sal\u00e9e ou sucr\u00e9e .<br \/>\nPrendre contact avec Briochou<\/p>","protected":false},"excerpt":{"rendered":"<p>Commande \u00e0 partir de 150 Chf sal\u00e9e ou sucr\u00e9e . Prendre contact avec Briochou<\/p>","protected":false},"featured_media":32707,"template":"","meta":{"_et_pb_use_builder":"","_et_pb_old_content":"","_et_gb_content_width":""},"product_brand":[],"product_cat":[19],"product_tag":[],"class_list":{"0":"post-32706","1":"product","2":"type-product","3":"status-publish","4":"has-post-thumbnail","6":"product_cat-non-classe","8":"first","9":"instock","10":"shipping-taxable","11":"product-type-simple"},"_links":{"self":[{"href":"https:\/\/briochou.ch\/de\/wp-json\/wp\/v2\/product\/32706","targetHints":{"allow":["GET"]}}],"collection":[{"href":"https:\/\/briochou.ch\/de\/wp-json\/wp\/v2\/product"}],"about":[{"href":"https:\/\/briochou.ch\/de\/wp-json\/wp\/v2\/types\/product"}],"wp:featuredmedia":[{"embeddable":true,"href":"https:\/\/briochou.ch\/de\/wp-json\/wp\/v2\/media\/32707"}],"wp:attachment":[{"href":"https:\/\/briochou.ch\/de\/wp-json\/wp\/v2\/media?parent=32706"}],"wp:term":[{"taxonomy":"product_brand","embeddable":true,"href":"https:\/\/briochou.ch\/de\/wp-json\/wp\/v2\/product_brand?post=32706"},{"taxonomy":"product_cat","embeddable":true,"href":"https:\/\/briochou.ch\/de\/wp-json\/wp\/v2\/product_cat?post=32706"},{"taxonomy":"product_tag","embeddable":true,"href":"https:\/\/briochou.ch\/de\/wp-json\/wp\/v2\/product_tag?post=32706"}],"curies":[{"name":"wp","href":"https:\/\/api.w.org\/{rel}","templated":true}]}}