{"id":31915,"date":"2022-04-08T10:24:55","date_gmt":"2022-04-08T08:24:55","guid":{"rendered":"https:\/\/briochou.ch\/?post_type=product&#038;p=31915"},"modified":"2022-09-21T16:12:33","modified_gmt":"2022-09-21T14:12:33","slug":"fraiser-verrine","status":"publish","type":"product","link":"https:\/\/briochou.ch\/de\/product\/fraiser-verrine\/","title":{"rendered":"Palet breton aux framboises"},"content":{"rendered":"<p>Sabl\u00e9 breton \u00e0 la fleur de sel, cr\u00e8me chantilly\/mascarpone et framboises fraiches.<\/p>","protected":false},"excerpt":{"rendered":"<p>Minimum de 6 palets par commande, et \u00e0 la pi\u00e8ce lors des fourn\u00e9es du dimanche<br \/>\n<strong>Commander 4 jours \u00e0 l&rsquo;avance.<\/strong><\/p>","protected":false},"featured_media":31920,"template":"","meta":{"_et_pb_use_builder":"","_et_pb_old_content":"","_et_gb_content_width":""},"product_brand":[],"product_cat":[30,25],"product_tag":[],"class_list":{"0":"post-31915","1":"product","2":"type-product","3":"status-publish","4":"has-post-thumbnail","6":"product_cat-individuelle","7":"product_cat-patisseries","9":"first","10":"instock","11":"shipping-taxable","12":"purchasable","13":"product-type-simple"},"_links":{"self":[{"href":"https:\/\/briochou.ch\/de\/wp-json\/wp\/v2\/product\/31915","targetHints":{"allow":["GET"]}}],"collection":[{"href":"https:\/\/briochou.ch\/de\/wp-json\/wp\/v2\/product"}],"about":[{"href":"https:\/\/briochou.ch\/de\/wp-json\/wp\/v2\/types\/product"}],"wp:featuredmedia":[{"embeddable":true,"href":"https:\/\/briochou.ch\/de\/wp-json\/wp\/v2\/media\/31920"}],"wp:attachment":[{"href":"https:\/\/briochou.ch\/de\/wp-json\/wp\/v2\/media?parent=31915"}],"wp:term":[{"taxonomy":"product_brand","embeddable":true,"href":"https:\/\/briochou.ch\/de\/wp-json\/wp\/v2\/product_brand?post=31915"},{"taxonomy":"product_cat","embeddable":true,"href":"https:\/\/briochou.ch\/de\/wp-json\/wp\/v2\/product_cat?post=31915"},{"taxonomy":"product_tag","embeddable":true,"href":"https:\/\/briochou.ch\/de\/wp-json\/wp\/v2\/product_tag?post=31915"}],"curies":[{"name":"wp","href":"https:\/\/api.w.org\/{rel}","templated":true}]}}