{"id":31335,"date":"2021-05-28T10:44:16","date_gmt":"2021-05-28T08:44:16","guid":{"rendered":"https:\/\/briochou.ch\/?post_type=product&#038;p=31335"},"modified":"2022-09-21T16:05:57","modified_gmt":"2022-09-21T14:05:57","slug":"tarte-aux-fraises","status":"publish","type":"product","link":"https:\/\/briochou.ch\/de\/product\/tarte-aux-fraises\/","title":{"rendered":"Tarte aux fraises"},"content":{"rendered":"<p>Haltbarkeit: 2 Tage<\/p>\n<p>Zutaten:<br \/>\nFrische Erdbeeren<br \/>\ncr\u00e8me : <strong>Milch<\/strong>, <strong>Eier<\/strong>,<strong> Butter<\/strong>, Speisest\u00e4rke, nat\u00fcrlicher Vanilleextrakt<br \/>\nM\u00fcrbeteig:<strong> Mehl<\/strong>, <strong>Butter<\/strong>, Zucker, <strong>Eier, Mandelpuder<br \/>\n<\/strong><\/p>","protected":false},"excerpt":{"rendered":"<p>P\u00e2te sabl\u00e9e, cr\u00e8me p\u00e2tissi\u00e8re vanille, fraises fraiches.<\/p>\n<p><strong>Commander 4 jours \u00e0 l&rsquo;avance.<\/strong><\/p>","protected":false},"featured_media":31339,"template":"","meta":{"_et_pb_use_builder":"off","_et_pb_old_content":"","_et_gb_content_width":""},"product_brand":[],"product_cat":[29,25],"product_tag":[],"class_list":{"0":"post-31335","1":"product","2":"type-product","3":"status-publish","4":"has-post-thumbnail","6":"product_cat-a-partager","7":"product_cat-patisseries","9":"first","10":"instock","11":"shipping-taxable","12":"purchasable","13":"product-type-variable"},"_links":{"self":[{"href":"https:\/\/briochou.ch\/de\/wp-json\/wp\/v2\/product\/31335","targetHints":{"allow":["GET"]}}],"collection":[{"href":"https:\/\/briochou.ch\/de\/wp-json\/wp\/v2\/product"}],"about":[{"href":"https:\/\/briochou.ch\/de\/wp-json\/wp\/v2\/types\/product"}],"wp:featuredmedia":[{"embeddable":true,"href":"https:\/\/briochou.ch\/de\/wp-json\/wp\/v2\/media\/31339"}],"wp:attachment":[{"href":"https:\/\/briochou.ch\/de\/wp-json\/wp\/v2\/media?parent=31335"}],"wp:term":[{"taxonomy":"product_brand","embeddable":true,"href":"https:\/\/briochou.ch\/de\/wp-json\/wp\/v2\/product_brand?post=31335"},{"taxonomy":"product_cat","embeddable":true,"href":"https:\/\/briochou.ch\/de\/wp-json\/wp\/v2\/product_cat?post=31335"},{"taxonomy":"product_tag","embeddable":true,"href":"https:\/\/briochou.ch\/de\/wp-json\/wp\/v2\/product_tag?post=31335"}],"curies":[{"name":"wp","href":"https:\/\/api.w.org\/{rel}","templated":true}]}}