{"id":31327,"date":"2021-05-24T19:34:28","date_gmt":"2021-05-24T17:34:28","guid":{"rendered":"https:\/\/briochou.ch\/?post_type=product&#038;p=31327"},"modified":"2022-09-21T16:06:43","modified_gmt":"2022-09-21T14:06:43","slug":"dune-blanche","status":"publish","type":"product","link":"https:\/\/briochou.ch\/de\/product\/dune-blanche\/","title":{"rendered":"Dune Blanche"},"content":{"rendered":"<p>Haltbarkeit: 2 Tage<br \/>\nZutaten:<br \/>\nBrandteig:<strong> Mehl<\/strong>,<strong> Eier<\/strong>,<strong> Milch, <\/strong>eau<strong>, beurre<br \/>\n<\/strong>Creme:<strong> Milch<\/strong>, Zucker, <strong>Eier<\/strong>,\u00a0<strong>Rahm,<\/strong> <strong>Butter<\/strong>, Speisest\u00e4rke, nat\u00fcrlicher Vanilleextrakt<\/p>\n<p>&nbsp;<\/p>","protected":false},"excerpt":{"rendered":"<p>Es ist nur eine Chouquette, gef\u00fcllt mit einer leichten Vanillecreme, aber sie ist einfach k\u00f6stlich! Frisch und (trotz des Aussehens) sehr leicht, ist es sehr schwierig, mit dem Essen aufzuh\u00f6ren, wenn man es einmal probiert hat!<\/p>\n<p><strong>Nur in Sonntagschargen erh\u00e4ltlich. (im Falle einer Event kontaktieren Sie mich)<\/strong><br \/>\n<strong>Commander 4 jours \u00e0 l&rsquo;avance.<\/strong><\/p>","protected":false},"featured_media":31325,"template":"","meta":{"_et_pb_use_builder":"","_et_pb_old_content":"","_et_gb_content_width":""},"product_brand":[],"product_cat":[30,25],"product_tag":[],"class_list":{"0":"post-31327","1":"product","2":"type-product","3":"status-publish","4":"has-post-thumbnail","6":"product_cat-individuelle","7":"product_cat-patisseries","9":"first","10":"instock","11":"shipping-taxable","12":"purchasable","13":"product-type-simple"},"_links":{"self":[{"href":"https:\/\/briochou.ch\/de\/wp-json\/wp\/v2\/product\/31327","targetHints":{"allow":["GET"]}}],"collection":[{"href":"https:\/\/briochou.ch\/de\/wp-json\/wp\/v2\/product"}],"about":[{"href":"https:\/\/briochou.ch\/de\/wp-json\/wp\/v2\/types\/product"}],"wp:featuredmedia":[{"embeddable":true,"href":"https:\/\/briochou.ch\/de\/wp-json\/wp\/v2\/media\/31325"}],"wp:attachment":[{"href":"https:\/\/briochou.ch\/de\/wp-json\/wp\/v2\/media?parent=31327"}],"wp:term":[{"taxonomy":"product_brand","embeddable":true,"href":"https:\/\/briochou.ch\/de\/wp-json\/wp\/v2\/product_brand?post=31327"},{"taxonomy":"product_cat","embeddable":true,"href":"https:\/\/briochou.ch\/de\/wp-json\/wp\/v2\/product_cat?post=31327"},{"taxonomy":"product_tag","embeddable":true,"href":"https:\/\/briochou.ch\/de\/wp-json\/wp\/v2\/product_tag?post=31327"}],"curies":[{"name":"wp","href":"https:\/\/api.w.org\/{rel}","templated":true}]}}