{"id":30131,"date":"2021-01-17T16:35:18","date_gmt":"2021-01-17T15:35:18","guid":{"rendered":"https:\/\/briochou.ch\/?post_type=product&#038;p=30131"},"modified":"2022-09-21T16:08:43","modified_gmt":"2022-09-21T14:08:43","slug":"mille-feuilles","status":"publish","type":"product","link":"https:\/\/briochou.ch\/de\/product\/mille-feuilles\/","title":{"rendered":"Mille-feuilles"},"content":{"rendered":"<p>Haltbarkeit: 2 Tage<\/p>\n<p>Zutaten:<br \/>\nCreme:<strong> Milch,<\/strong> Zucker<strong>, Eier, Rahm, Butter, <\/strong>Speisest\u00e4rke<strong>, <\/strong>nat\u00fcrlicher Vanilleextrakt<br \/>\nSchokoladencreme <strong>Milch,<\/strong> schwarze Schokolade <strong>Rahm<\/strong>, <strong>Eier<\/strong>, Zucker<br \/>\nBl\u00e4tterteig: <strong>Mehl<\/strong>, <strong>Butter<\/strong>, <strong>Eier<\/strong>, Wasser, Zucker, Salz, Hefe<\/p>","protected":false},"excerpt":{"rendered":"<p>Millefeuille hei\u00dft \u00fcbersetzt \u201ctausende Bl\u00e4tter\u201d. Wie sein Name verr\u00e4t, besteht diese franz\u00f6sische P\u00e2tisserie aus Bl\u00e4tterteig und ist gef\u00fcllt mit Vanille- oder\/und \nChocoladen\/ Krokant-Diplomatencreme<br \/>\nGr\u00f6sse f\u00fcr 6-8 Personen<\/p>\n<p><strong>Commander 4 jours \u00e0 l&rsquo;avance.<\/strong><\/p>","protected":false},"featured_media":30139,"template":"","meta":{"_et_pb_use_builder":"off","_et_pb_old_content":"<p>Description du produit<\/p>","_et_gb_content_width":""},"product_brand":[],"product_cat":[29,25],"product_tag":[],"class_list":{"0":"post-30131","1":"product","2":"type-product","3":"status-publish","4":"has-post-thumbnail","6":"product_cat-a-partager","7":"product_cat-patisseries","9":"first","10":"instock","11":"shipping-taxable","12":"purchasable","13":"product-type-simple"},"_links":{"self":[{"href":"https:\/\/briochou.ch\/de\/wp-json\/wp\/v2\/product\/30131","targetHints":{"allow":["GET"]}}],"collection":[{"href":"https:\/\/briochou.ch\/de\/wp-json\/wp\/v2\/product"}],"about":[{"href":"https:\/\/briochou.ch\/de\/wp-json\/wp\/v2\/types\/product"}],"wp:featuredmedia":[{"embeddable":true,"href":"https:\/\/briochou.ch\/de\/wp-json\/wp\/v2\/media\/30139"}],"wp:attachment":[{"href":"https:\/\/briochou.ch\/de\/wp-json\/wp\/v2\/media?parent=30131"}],"wp:term":[{"taxonomy":"product_brand","embeddable":true,"href":"https:\/\/briochou.ch\/de\/wp-json\/wp\/v2\/product_brand?post=30131"},{"taxonomy":"product_cat","embeddable":true,"href":"https:\/\/briochou.ch\/de\/wp-json\/wp\/v2\/product_cat?post=30131"},{"taxonomy":"product_tag","embeddable":true,"href":"https:\/\/briochou.ch\/de\/wp-json\/wp\/v2\/product_tag?post=30131"}],"curies":[{"name":"wp","href":"https:\/\/api.w.org\/{rel}","templated":true}]}}