{"id":29722,"date":"2020-12-26T08:48:16","date_gmt":"2020-12-26T07:48:16","guid":{"rendered":"https:\/\/briochou.yoanroux.com\/?post_type=product&#038;p=29722"},"modified":"2022-09-21T16:32:43","modified_gmt":"2022-09-21T14:32:43","slug":"framboisier","status":"publish","type":"product","link":"https:\/\/briochou.ch\/de\/product\/framboisier\/","title":{"rendered":"Framboisier"},"content":{"rendered":"<p>Haltbarkeit: 2 Tage<\/p>\n<p>Zutaten:<br \/>\nCreme:<strong> Milch,<\/strong> <strong>Butter, Eier,\u00a0<\/strong>Zucker<strong>,\u00a0<\/strong>Speisest\u00e4rke<strong>, <\/strong>nat\u00fcrlicher Vanilleextrakt<br \/>\nHimbeeren<br \/>\nGenueser Biskuit<strong> Eier<\/strong>, <strong>Mehl<\/strong>, Zucker<br \/>\nGeliertes Himbeercoulis: Himbeeren, Zucker, Wasser, Gelatine<br \/>\n<strong>gehobelten Mandeln<\/strong><\/p>","protected":false},"excerpt":{"rendered":"<p>Biskuitscheiben, gef\u00fcllt mit einer Vanille-Mousseline-Creme und Himbeeren. Die Au\u00dfenseite des Kuchens ist mit gehobelten und ger\u00f6steten Mandeln bestreut, die Oberseite ist mit einer Himbeer-Gelee-Coulis \u00fcberzogen. Und als Kr\u00f6nung des Ganzen eine Krone aus frischen Himbeeren<\/p>\n<p><strong>Commander 4 jours \u00e0 l&rsquo;avance.<\/strong><\/p>","protected":false},"featured_media":31023,"template":"","meta":{"_et_pb_use_builder":"","_et_pb_old_content":"","_et_gb_content_width":""},"product_brand":[],"product_cat":[29,25],"product_tag":[],"class_list":{"0":"post-29722","1":"product","2":"type-product","3":"status-publish","4":"has-post-thumbnail","6":"product_cat-a-partager","7":"product_cat-patisseries","9":"first","10":"instock","11":"shipping-taxable","12":"purchasable","13":"product-type-variable"},"_links":{"self":[{"href":"https:\/\/briochou.ch\/de\/wp-json\/wp\/v2\/product\/29722","targetHints":{"allow":["GET"]}}],"collection":[{"href":"https:\/\/briochou.ch\/de\/wp-json\/wp\/v2\/product"}],"about":[{"href":"https:\/\/briochou.ch\/de\/wp-json\/wp\/v2\/types\/product"}],"wp:featuredmedia":[{"embeddable":true,"href":"https:\/\/briochou.ch\/de\/wp-json\/wp\/v2\/media\/31023"}],"wp:attachment":[{"href":"https:\/\/briochou.ch\/de\/wp-json\/wp\/v2\/media?parent=29722"}],"wp:term":[{"taxonomy":"product_brand","embeddable":true,"href":"https:\/\/briochou.ch\/de\/wp-json\/wp\/v2\/product_brand?post=29722"},{"taxonomy":"product_cat","embeddable":true,"href":"https:\/\/briochou.ch\/de\/wp-json\/wp\/v2\/product_cat?post=29722"},{"taxonomy":"product_tag","embeddable":true,"href":"https:\/\/briochou.ch\/de\/wp-json\/wp\/v2\/product_tag?post=29722"}],"curies":[{"name":"wp","href":"https:\/\/api.w.org\/{rel}","templated":true}]}}