{"id":29713,"date":"2020-12-26T08:26:30","date_gmt":"2020-12-26T07:26:30","guid":{"rendered":"https:\/\/briochou.yoanroux.com\/?post_type=product&#038;p=29713"},"modified":"2022-09-21T16:09:22","modified_gmt":"2022-09-21T14:09:22","slug":"pavlova-aux-fruits","status":"publish","type":"product","link":"https:\/\/briochou.ch\/de\/product\/pavlova-aux-fruits\/","title":{"rendered":"Pavlova aux fruits"},"content":{"rendered":"<p>Haltbarkeit: 2 Tage<\/p>\n<p>Zutaten:<br \/>\nFranz\u00f6sischer Baiser: Zucker, <strong>Eiweiss<\/strong><br \/>\nCreme:<strong> Milch<\/strong>, Zucker, <strong>Eier<\/strong>,\u00a0<strong>Rahm,<\/strong> <strong>Butter<\/strong>, Speisest\u00e4rke, nat\u00fcrlicher Vanilleextrakt<br \/>\nAuswahl der Fr\u00fcchte<\/p>","protected":false},"excerpt":{"rendered":"<p>Pavlova ist eine Torte aus einer Baisermasse gef\u00fcllt mit einer Vanille-Diplomaten-Cr\u00e8me und Fr\u00fcchten. Das Besondere der Baisermasse der Pavlova ist, dass nur die \u00e4ussere H\u00fclle hart wird, w\u00e4hrend das Innere weich bleibt<\/p>\n<p><strong>Commander 4 jours \u00e0 l&rsquo;avance.<\/strong><\/p>","protected":false},"featured_media":29775,"template":"","meta":{"_et_pb_use_builder":"off","_et_pb_old_content":"<p>Description du produit<\/p>","_et_gb_content_width":""},"product_brand":[],"product_cat":[29,25],"product_tag":[],"class_list":{"0":"post-29713","1":"product","2":"type-product","3":"status-publish","4":"has-post-thumbnail","6":"product_cat-a-partager","7":"product_cat-patisseries","9":"first","10":"instock","11":"shipping-taxable","12":"purchasable","13":"product-type-variable"},"_links":{"self":[{"href":"https:\/\/briochou.ch\/de\/wp-json\/wp\/v2\/product\/29713","targetHints":{"allow":["GET"]}}],"collection":[{"href":"https:\/\/briochou.ch\/de\/wp-json\/wp\/v2\/product"}],"about":[{"href":"https:\/\/briochou.ch\/de\/wp-json\/wp\/v2\/types\/product"}],"wp:featuredmedia":[{"embeddable":true,"href":"https:\/\/briochou.ch\/de\/wp-json\/wp\/v2\/media\/29775"}],"wp:attachment":[{"href":"https:\/\/briochou.ch\/de\/wp-json\/wp\/v2\/media?parent=29713"}],"wp:term":[{"taxonomy":"product_brand","embeddable":true,"href":"https:\/\/briochou.ch\/de\/wp-json\/wp\/v2\/product_brand?post=29713"},{"taxonomy":"product_cat","embeddable":true,"href":"https:\/\/briochou.ch\/de\/wp-json\/wp\/v2\/product_cat?post=29713"},{"taxonomy":"product_tag","embeddable":true,"href":"https:\/\/briochou.ch\/de\/wp-json\/wp\/v2\/product_tag?post=29713"}],"curies":[{"name":"wp","href":"https:\/\/api.w.org\/{rel}","templated":true}]}}