{"id":29712,"date":"2020-12-26T08:24:26","date_gmt":"2020-12-26T07:24:26","guid":{"rendered":"https:\/\/briochou.yoanroux.com\/?post_type=product&#038;p=29712"},"modified":"2022-09-21T16:31:20","modified_gmt":"2022-09-21T14:31:20","slug":"saint-honore","status":"publish","type":"product","link":"https:\/\/briochou.ch\/de\/product\/saint-honore\/","title":{"rendered":"Saint-Honor\u00e9"},"content":{"rendered":"<p>Haltbarkeit: 2 Tage<\/p>\n<p>Zutaten:<br \/>\nCreme:<strong> Milch,<\/strong> Zucker<strong>, oeufs, cr\u00e8me fleurette, <\/strong>mascarpone<strong>,\u00a0beurre, <\/strong>Speisest\u00e4rke<strong>, <\/strong>nat\u00fcrlicher Vanilleextrakt<br \/>\nBrandteig<strong> Mehl<\/strong>, <strong>Eier<\/strong>,<strong> Milch<\/strong>, Wasser,<strong> Butter<\/strong><br \/>\nBl\u00e4tterteig <strong>Mehl<\/strong>, <strong>Butter<\/strong>, <strong>Eier<\/strong>, Wasser, Zucker, Salz, Hefe<br \/>\nKaramel: Zucker, Wasser<\/p>","protected":false},"excerpt":{"rendered":"<p>Bl\u00e4tterteigscheibe und Brandteigkordel, gef\u00fcllt mit Chiboust-Creme. Choux, gef\u00fcllt mit der gleichen Creme und glasiert mit Karamell. Dekoriert mit einer Vanille-Schlagsahne\/Mascarpone-Creme, die das Ganze abrundet.<\/p>\n<p>Gr\u00f6sse f\u00fcr 6-8 Personen<br \/>\n<strong>Commander 4 jours \u00e0 l&rsquo;avance.<\/strong><\/p>","protected":false},"featured_media":29778,"template":"","meta":{"_et_pb_use_builder":"off","_et_pb_old_content":"<p>Description du produit<\/p>","_et_gb_content_width":""},"product_brand":[],"product_cat":[29,25],"product_tag":[],"class_list":{"0":"post-29712","1":"product","2":"type-product","3":"status-publish","4":"has-post-thumbnail","6":"product_cat-a-partager","7":"product_cat-patisseries","9":"first","10":"instock","11":"shipping-taxable","12":"purchasable","13":"product-type-simple"},"_links":{"self":[{"href":"https:\/\/briochou.ch\/de\/wp-json\/wp\/v2\/product\/29712","targetHints":{"allow":["GET"]}}],"collection":[{"href":"https:\/\/briochou.ch\/de\/wp-json\/wp\/v2\/product"}],"about":[{"href":"https:\/\/briochou.ch\/de\/wp-json\/wp\/v2\/types\/product"}],"wp:featuredmedia":[{"embeddable":true,"href":"https:\/\/briochou.ch\/de\/wp-json\/wp\/v2\/media\/29778"}],"wp:attachment":[{"href":"https:\/\/briochou.ch\/de\/wp-json\/wp\/v2\/media?parent=29712"}],"wp:term":[{"taxonomy":"product_brand","embeddable":true,"href":"https:\/\/briochou.ch\/de\/wp-json\/wp\/v2\/product_brand?post=29712"},{"taxonomy":"product_cat","embeddable":true,"href":"https:\/\/briochou.ch\/de\/wp-json\/wp\/v2\/product_cat?post=29712"},{"taxonomy":"product_tag","embeddable":true,"href":"https:\/\/briochou.ch\/de\/wp-json\/wp\/v2\/product_tag?post=29712"}],"curies":[{"name":"wp","href":"https:\/\/api.w.org\/{rel}","templated":true}]}}