{"id":29711,"date":"2020-12-26T08:22:09","date_gmt":"2020-12-26T07:22:09","guid":{"rendered":"https:\/\/briochou.yoanroux.com\/?post_type=product&#038;p=29711"},"modified":"2022-09-21T16:30:49","modified_gmt":"2022-09-21T14:30:49","slug":"paris-brest","status":"publish","type":"product","link":"https:\/\/briochou.ch\/de\/product\/paris-brest\/","title":{"rendered":"Paris-Brest"},"content":{"rendered":"<p>Haltbarkeit: 2 Tage<\/p>\n<p>Zutaten:<br \/>\nBrandteig:<strong> Mehl<\/strong>, <strong>Eier<\/strong>,<strong> Milch<\/strong>, Wasser,<strong> Butter<\/strong><br \/>\nCreme:<strong> Milch,<\/strong> <strong>Butter, Eier,\u00a0<\/strong>Zucker<strong>,\u00a0<\/strong>Speisest\u00e4rke<strong>, <\/strong><br \/>\nKrokant: <strong>Mandeln\/Haseln\u00fcsse<\/strong>, Zucker<\/p>","protected":false},"excerpt":{"rendered":"<p>Eine franz\u00f6sische S\u00fc\u00dfspeise aus einem Brandteig-Ring, gef\u00fcllt mit \nHaselnusskrokant-Cr\u00e8me. Das Geb\u00e4ck soll an das legend\u00e4re Fahrradrennen Paris-Brest-Paris erinnern. Die runde Form symbolisiert den Fahrradreifen<\/p>\n<p>Gr\u00f6sse f\u00fcr 6-8 Personen<br \/>\n<strong>Commander 4 jours \u00e0 l&rsquo;avance.<\/strong><\/p>","protected":false},"featured_media":30143,"template":"","meta":{"_et_pb_use_builder":"off","_et_pb_old_content":"<p>Description du produit<\/p>","_et_gb_content_width":""},"product_brand":[],"product_cat":[29,25],"product_tag":[],"class_list":{"0":"post-29711","1":"product","2":"type-product","3":"status-publish","4":"has-post-thumbnail","6":"product_cat-a-partager","7":"product_cat-patisseries","9":"first","10":"instock","11":"shipping-taxable","12":"purchasable","13":"product-type-simple"},"_links":{"self":[{"href":"https:\/\/briochou.ch\/de\/wp-json\/wp\/v2\/product\/29711","targetHints":{"allow":["GET"]}}],"collection":[{"href":"https:\/\/briochou.ch\/de\/wp-json\/wp\/v2\/product"}],"about":[{"href":"https:\/\/briochou.ch\/de\/wp-json\/wp\/v2\/types\/product"}],"wp:featuredmedia":[{"embeddable":true,"href":"https:\/\/briochou.ch\/de\/wp-json\/wp\/v2\/media\/30143"}],"wp:attachment":[{"href":"https:\/\/briochou.ch\/de\/wp-json\/wp\/v2\/media?parent=29711"}],"wp:term":[{"taxonomy":"product_brand","embeddable":true,"href":"https:\/\/briochou.ch\/de\/wp-json\/wp\/v2\/product_brand?post=29711"},{"taxonomy":"product_cat","embeddable":true,"href":"https:\/\/briochou.ch\/de\/wp-json\/wp\/v2\/product_cat?post=29711"},{"taxonomy":"product_tag","embeddable":true,"href":"https:\/\/briochou.ch\/de\/wp-json\/wp\/v2\/product_tag?post=29711"}],"curies":[{"name":"wp","href":"https:\/\/api.w.org\/{rel}","templated":true}]}}