{"id":29691,"date":"2020-12-26T08:14:27","date_gmt":"2020-12-26T07:14:27","guid":{"rendered":"https:\/\/briochou.yoanroux.com\/?post_type=product&#038;p=29691"},"modified":"2022-09-21T16:34:37","modified_gmt":"2022-09-21T14:34:37","slug":"tarte-aux-framboises","status":"publish","type":"product","link":"https:\/\/briochou.ch\/de\/product\/tarte-aux-framboises\/","title":{"rendered":"Tarte aux framboises"},"content":{"rendered":"<p>Haltbarkeit: 2 Tage<\/p>\n<p>Zutaten:<br \/>\nHimbeeren<br \/>\ncr\u00e8me : <strong>Milch<\/strong>, <strong>Eier<\/strong>,<strong> Butter<\/strong>, Speisest\u00e4rke, nat\u00fcrlicher Vanilleextrakt<br \/>\nM\u00fcrbeteig:<strong> Mehl<\/strong>, <strong>Butter<\/strong>, Zucker, <strong>Eier, Mandelpuder<br \/>\n<\/strong>coulis de framboises g\u00e9lifi\u00e9 : framboises, sucre, eau, g\u00e9latine de poisson<\/p>","protected":false},"excerpt":{"rendered":"<p>M\u00fcrbeteig mit Vanillekonditorcreme, frischen Himbeeren und einer gelierten Himbeersosse<\/p>\n<p><strong>Commander 4 jours \u00e0 l&rsquo;avance.<\/strong><\/p>","protected":false},"featured_media":29811,"template":"","meta":{"_et_pb_use_builder":"off","_et_pb_old_content":"","_et_gb_content_width":""},"product_brand":[],"product_cat":[29,25],"product_tag":[],"class_list":{"0":"post-29691","1":"product","2":"type-product","3":"status-publish","4":"has-post-thumbnail","6":"product_cat-a-partager","7":"product_cat-patisseries","9":"first","10":"instock","11":"shipping-taxable","12":"purchasable","13":"product-type-variable"},"_links":{"self":[{"href":"https:\/\/briochou.ch\/de\/wp-json\/wp\/v2\/product\/29691","targetHints":{"allow":["GET"]}}],"collection":[{"href":"https:\/\/briochou.ch\/de\/wp-json\/wp\/v2\/product"}],"about":[{"href":"https:\/\/briochou.ch\/de\/wp-json\/wp\/v2\/types\/product"}],"wp:featuredmedia":[{"embeddable":true,"href":"https:\/\/briochou.ch\/de\/wp-json\/wp\/v2\/media\/29811"}],"wp:attachment":[{"href":"https:\/\/briochou.ch\/de\/wp-json\/wp\/v2\/media?parent=29691"}],"wp:term":[{"taxonomy":"product_brand","embeddable":true,"href":"https:\/\/briochou.ch\/de\/wp-json\/wp\/v2\/product_brand?post=29691"},{"taxonomy":"product_cat","embeddable":true,"href":"https:\/\/briochou.ch\/de\/wp-json\/wp\/v2\/product_cat?post=29691"},{"taxonomy":"product_tag","embeddable":true,"href":"https:\/\/briochou.ch\/de\/wp-json\/wp\/v2\/product_tag?post=29691"}],"curies":[{"name":"wp","href":"https:\/\/api.w.org\/{rel}","templated":true}]}}