{"id":29687,"date":"2020-12-26T08:13:08","date_gmt":"2020-12-26T07:13:08","guid":{"rendered":"https:\/\/briochou.yoanroux.com\/?post_type=product&#038;p=29687"},"modified":"2022-09-21T16:35:11","modified_gmt":"2022-09-21T14:35:11","slug":"tarte-aux-pommes-chiboust","status":"publish","type":"product","link":"https:\/\/briochou.ch\/de\/product\/tarte-aux-pommes-chiboust\/","title":{"rendered":"Tarte aux pommes Chiboust"},"content":{"rendered":"<p>Haltbarkeit: 2 Tage<\/p>\n<p>Zutaten:<br \/>\nCreme: <strong>Milch<\/strong>, <strong>Eier<\/strong>,<strong> Butter<\/strong>, f\u00e9cule de mais,<br \/>\nCreme: \u00c4pfel, <strong>Rahm<\/strong>, <strong>oeuf, sucre<\/strong><br \/>\nM\u00fcrbeteig:<strong> Mehl<\/strong>, <strong>Butter<\/strong>, Zucker, <strong>Eier, Mandelpuder<\/strong><\/p>","protected":false},"excerpt":{"rendered":"<p>M\u00fcrbeteig, karamellisierte \u00c4pfel mit Chiboust-Creme, die mit einer L\u00f6tlampe karamellisiert wurde.<\/p>\n<p>Gr\u00f6sse f\u00fcr 6-8 Personen<br \/>\n<strong>Commander 4 jours \u00e0 l&rsquo;avance.<\/strong><\/p>","protected":false},"featured_media":29764,"template":"","meta":{"_et_pb_use_builder":"off","_et_pb_old_content":"","_et_gb_content_width":""},"product_brand":[],"product_cat":[29,25],"product_tag":[],"class_list":{"0":"post-29687","1":"product","2":"type-product","3":"status-publish","4":"has-post-thumbnail","6":"product_cat-a-partager","7":"product_cat-patisseries","9":"first","10":"instock","11":"shipping-taxable","12":"purchasable","13":"product-type-simple"},"_links":{"self":[{"href":"https:\/\/briochou.ch\/de\/wp-json\/wp\/v2\/product\/29687","targetHints":{"allow":["GET"]}}],"collection":[{"href":"https:\/\/briochou.ch\/de\/wp-json\/wp\/v2\/product"}],"about":[{"href":"https:\/\/briochou.ch\/de\/wp-json\/wp\/v2\/types\/product"}],"wp:featuredmedia":[{"embeddable":true,"href":"https:\/\/briochou.ch\/de\/wp-json\/wp\/v2\/media\/29764"}],"wp:attachment":[{"href":"https:\/\/briochou.ch\/de\/wp-json\/wp\/v2\/media?parent=29687"}],"wp:term":[{"taxonomy":"product_brand","embeddable":true,"href":"https:\/\/briochou.ch\/de\/wp-json\/wp\/v2\/product_brand?post=29687"},{"taxonomy":"product_cat","embeddable":true,"href":"https:\/\/briochou.ch\/de\/wp-json\/wp\/v2\/product_cat?post=29687"},{"taxonomy":"product_tag","embeddable":true,"href":"https:\/\/briochou.ch\/de\/wp-json\/wp\/v2\/product_tag?post=29687"}],"curies":[{"name":"wp","href":"https:\/\/api.w.org\/{rel}","templated":true}]}}