{"id":29679,"date":"2020-12-26T08:09:57","date_gmt":"2020-12-26T07:09:57","guid":{"rendered":"https:\/\/briochou.yoanroux.com\/?post_type=product&#038;p=29679"},"modified":"2022-09-21T16:36:26","modified_gmt":"2022-09-21T14:36:26","slug":"tarte-chocolat-praline","status":"publish","type":"product","link":"https:\/\/briochou.ch\/de\/product\/tarte-chocolat-praline\/","title":{"rendered":"Tarte chocolat-pralin\u00e9"},"content":{"rendered":"<p>Haltbarkeit: 2 Tage<\/p>\n<p>Zutaten:<br \/>\nSchokoladencreme <strong>Milch,<\/strong> schwarze Schokolade <strong>Rahm<\/strong>, <strong>Eier<\/strong>, Zucker<br \/>\nM\u00fcrbeteig:<strong> Mehl<\/strong>, <strong>Butter<\/strong>, Zucker, <strong>Eier, Mandelpuder<\/strong><br \/>\nganache mont\u00e9e pralin\u00e9: <strong>Rahm,\u00a0<\/strong><b>pralin\u00e9<\/b><br \/>\nnoisettes caram\u00e9lis\u00e9es<\/p>\n<p>&nbsp;<\/p>","protected":false},"excerpt":{"rendered":"<p>P\u00e2te sabl\u00e9e, cr\u00e9meux au chocolat noir, ganache mont\u00e9e au pralin\u00e9.<\/p>\n<p><strong>Commander 4 jours \u00e0 l&rsquo;avance.<\/strong><\/p>","protected":false},"featured_media":31699,"template":"","meta":{"_et_pb_use_builder":"off","_et_pb_old_content":"","_et_gb_content_width":""},"product_brand":[],"product_cat":[29,25],"product_tag":[],"class_list":{"0":"post-29679","1":"product","2":"type-product","3":"status-publish","4":"has-post-thumbnail","6":"product_cat-a-partager","7":"product_cat-patisseries","9":"first","10":"instock","11":"shipping-taxable","12":"purchasable","13":"product-type-variable"},"_links":{"self":[{"href":"https:\/\/briochou.ch\/de\/wp-json\/wp\/v2\/product\/29679","targetHints":{"allow":["GET"]}}],"collection":[{"href":"https:\/\/briochou.ch\/de\/wp-json\/wp\/v2\/product"}],"about":[{"href":"https:\/\/briochou.ch\/de\/wp-json\/wp\/v2\/types\/product"}],"wp:featuredmedia":[{"embeddable":true,"href":"https:\/\/briochou.ch\/de\/wp-json\/wp\/v2\/media\/31699"}],"wp:attachment":[{"href":"https:\/\/briochou.ch\/de\/wp-json\/wp\/v2\/media?parent=29679"}],"wp:term":[{"taxonomy":"product_brand","embeddable":true,"href":"https:\/\/briochou.ch\/de\/wp-json\/wp\/v2\/product_brand?post=29679"},{"taxonomy":"product_cat","embeddable":true,"href":"https:\/\/briochou.ch\/de\/wp-json\/wp\/v2\/product_cat?post=29679"},{"taxonomy":"product_tag","embeddable":true,"href":"https:\/\/briochou.ch\/de\/wp-json\/wp\/v2\/product_tag?post=29679"}],"curies":[{"name":"wp","href":"https:\/\/api.w.org\/{rel}","templated":true}]}}