{"id":29585,"date":"2020-12-22T14:43:18","date_gmt":"2020-12-22T13:43:18","guid":{"rendered":"https:\/\/briochou.yoanroux.com\/?post_type=product&#038;p=29585"},"modified":"2022-09-21T16:37:06","modified_gmt":"2022-09-21T14:37:06","slug":"tarte-citron-meringuee","status":"publish","type":"product","link":"https:\/\/briochou.ch\/de\/product\/tarte-citron-meringuee\/","title":{"rendered":"Tarte citron meringu\u00e9e"},"content":{"rendered":"<div class=\"woocommerce-product-details__short-description\">\n<p>Haltbarkeit: 2 Tage<\/p>\n<p>Zutaten:<br \/>\nZitronencreme: Zitronensaft, <strong>Eier<\/strong>, sucre, beurre<br \/>\nM\u00fcrbeteig:<strong> Mehl<\/strong>, <strong>Butter<\/strong>, Zucker, <strong>Eier, Mandelpuder<br \/>\n<\/strong>Baiser: Zucker,<strong> Eier<\/strong><\/p>\n<\/div>","protected":false},"excerpt":{"rendered":"<p>K\u00f6stlicher M\u00fcrbeteig mit reiner Butter, der Boden bestrichen mit einem intensiven Confit de Citron  und reichlich gef\u00fcllt mit einer feinen Zitronencreme, obenauf mit leicht karamellisiertem italienischem Baiser gedeckt.<\/p>\n<p><strong>Commander 4 jours \u00e0 l&rsquo;avance.<\/strong><\/p>","protected":false},"featured_media":29767,"template":"","meta":{"_et_pb_use_builder":"off","_et_pb_old_content":"","_et_gb_content_width":""},"product_brand":[],"product_cat":[29,25],"product_tag":[],"class_list":{"0":"post-29585","1":"product","2":"type-product","3":"status-publish","4":"has-post-thumbnail","6":"product_cat-a-partager","7":"product_cat-patisseries","9":"first","10":"instock","11":"shipping-taxable","12":"purchasable","13":"product-type-variable"},"_links":{"self":[{"href":"https:\/\/briochou.ch\/de\/wp-json\/wp\/v2\/product\/29585","targetHints":{"allow":["GET"]}}],"collection":[{"href":"https:\/\/briochou.ch\/de\/wp-json\/wp\/v2\/product"}],"about":[{"href":"https:\/\/briochou.ch\/de\/wp-json\/wp\/v2\/types\/product"}],"wp:featuredmedia":[{"embeddable":true,"href":"https:\/\/briochou.ch\/de\/wp-json\/wp\/v2\/media\/29767"}],"wp:attachment":[{"href":"https:\/\/briochou.ch\/de\/wp-json\/wp\/v2\/media?parent=29585"}],"wp:term":[{"taxonomy":"product_brand","embeddable":true,"href":"https:\/\/briochou.ch\/de\/wp-json\/wp\/v2\/product_brand?post=29585"},{"taxonomy":"product_cat","embeddable":true,"href":"https:\/\/briochou.ch\/de\/wp-json\/wp\/v2\/product_cat?post=29585"},{"taxonomy":"product_tag","embeddable":true,"href":"https:\/\/briochou.ch\/de\/wp-json\/wp\/v2\/product_tag?post=29585"}],"curies":[{"name":"wp","href":"https:\/\/api.w.org\/{rel}","templated":true}]}}