{"id":29200,"date":"2020-11-30T11:10:26","date_gmt":"2020-11-30T10:10:26","guid":{"rendered":"https:\/\/briochou.yoanroux.com\/?post_type=product&#038;p=29200"},"modified":"2022-12-23T17:05:25","modified_gmt":"2022-12-23T16:05:25","slug":"brioche-soleil","status":"publish","type":"product","link":"https:\/\/briochou.ch\/de\/product\/brioche-soleil\/","title":{"rendered":"Brioche soleil"},"content":{"rendered":"<p>Haltbarkeit: 2 Tage<\/p>\n<p>Zutaten:<br \/>\nBriocheteig: <strong>Mehl<\/strong>, <strong>Eier<\/strong>, <strong>Butter<\/strong>, Zucker, Salz, Hefe<br \/>\nOrangenbl\u00fctenwasser und Hagelzucker<\/p>\n<p>&nbsp;<\/p>\n<p>&nbsp;<\/p>","protected":false},"excerpt":{"rendered":"<p>Brioche moelleuse parfum\u00e9e \u00e0 l&rsquo;eau de fleur d&rsquo;oranger et sucre perl\u00e9 (taille \u00e0 partager : environ 170 g).<\/p>\n<p><strong>Nur in Sonntagschargen erh\u00e4ltlich<\/strong><br \/>\n<strong>Bestellen 48 Stunden im voraus<\/strong><\/p>","protected":false},"featured_media":29795,"template":"","meta":{"_et_pb_use_builder":"off","_et_pb_old_content":"<p>Description du produit<\/p>","_et_gb_content_width":""},"product_brand":[],"product_cat":[26],"product_tag":[],"class_list":{"0":"post-29200","1":"product","2":"type-product","3":"status-publish","4":"has-post-thumbnail","6":"product_cat-brioches","8":"first","9":"instock","10":"shipping-taxable","11":"purchasable","12":"product-type-simple"},"_links":{"self":[{"href":"https:\/\/briochou.ch\/de\/wp-json\/wp\/v2\/product\/29200","targetHints":{"allow":["GET"]}}],"collection":[{"href":"https:\/\/briochou.ch\/de\/wp-json\/wp\/v2\/product"}],"about":[{"href":"https:\/\/briochou.ch\/de\/wp-json\/wp\/v2\/types\/product"}],"wp:featuredmedia":[{"embeddable":true,"href":"https:\/\/briochou.ch\/de\/wp-json\/wp\/v2\/media\/29795"}],"wp:attachment":[{"href":"https:\/\/briochou.ch\/de\/wp-json\/wp\/v2\/media?parent=29200"}],"wp:term":[{"taxonomy":"product_brand","embeddable":true,"href":"https:\/\/briochou.ch\/de\/wp-json\/wp\/v2\/product_brand?post=29200"},{"taxonomy":"product_cat","embeddable":true,"href":"https:\/\/briochou.ch\/de\/wp-json\/wp\/v2\/product_cat?post=29200"},{"taxonomy":"product_tag","embeddable":true,"href":"https:\/\/briochou.ch\/de\/wp-json\/wp\/v2\/product_tag?post=29200"}],"curies":[{"name":"wp","href":"https:\/\/api.w.org\/{rel}","templated":true}]}}